{"id":145,"date":"2026-03-23T09:54:30","date_gmt":"2026-03-23T09:54:30","guid":{"rendered":"https:\/\/kathmann-metallbau.com\/?page_id=145"},"modified":"2026-03-23T11:44:50","modified_gmt":"2026-03-23T11:44:50","slug":"wir-suchen-dich","status":"publish","type":"page","link":"https:\/\/kathmann-metallbau.com\/?page_id=145","title":{"rendered":"Wir suchen Dich!"},"content":{"rendered":"<p>Seit \u00fcber 20 Jahren ist unser mittelst\u00e4ndisches Metallbau-Unternehmen im Raum Berlin und Umland t\u00e4tig.\u00a0Mit unserem famili\u00e4ren Team fertigen und montieren wir f\u00fcr unsere privaten und gewerblichen Kunden ma\u00dfgeschneiderte L\u00f6sungen.<\/p>\n<p>Du bist auf der Suche nach einer neuen beruflichen Herausforderung? Wir bieten Dir nicht nur einen Arbeitsplatz, sondern die M\u00f6glichkeit, Deine Talente und Ideen in einer spannenden Arbeitsumgebung einzubringen.<\/p>\n<p>Wir suchen engagierte und talentierte Menschen, die mit Leidenschaft und Kreativit\u00e4t unsere Visionen und Projekte vorantreiben. Wenn du Wert auf Teamarbeit legst und Dich kontinuierlich weiterentwickeln m\u00f6chtest, bist du bei uns genau richtig.<\/p>\n<p><b>Schau Dir unsere aktuellen Stellenangebote an. Wir freuen uns auf deine Bewerbung!<\/b><br \/>\n<style>#sp-ea-146 .spcollapsing { height: 0; overflow: hidden; transition-property: height;transition-duration: 300ms;}#sp-ea-146.sp-easy-accordion>.sp-ea-single {margin-bottom: 10px; border: 1px solid #e2e2e2; }#sp-ea-146.sp-easy-accordion>.sp-ea-single>.ea-header a {color: #444;}#sp-ea-146.sp-easy-accordion>.sp-ea-single>.sp-collapse>.ea-body {background: #fff; color: #444;}#sp-ea-146.sp-easy-accordion>.sp-ea-single {background: #eee;}#sp-ea-146.sp-easy-accordion>.sp-ea-single>.ea-header a .ea-expand-icon { float: left; color: #444;font-size: 16px;}<\/style><div id=\"sp_easy_accordion-1774259473\"><div id=\"sp-ea-146\" class=\"sp-ea-one sp-easy-accordion\" data-ea-active=\"ea-click\" data-ea-mode=\"vertical\" data-preloader=\"\" data-scroll-active-item=\"\" data-offset-to-scroll=\"0\"><div class=\"ea-card sp-ea-single\"><h3 class=\"ea-header\"><a class=\"collapsed\" id=\"ea-header-1460\" role=\"button\" data-sptoggle=\"spcollapse\" data-sptarget=\"#collapse1460\" aria-controls=\"collapse1460\" href=\"#\" aria-expanded=\"false\" tabindex=\"0\"><i aria-hidden=\"true\" role=\"presentation\" class=\"ea-expand-icon eap-icon-ea-expand-plus\"><\/i> Metallbaumeister (m\/w\/d)<\/a><\/h3><div class=\"sp-collapse spcollapse spcollapse\" id=\"collapse1460\" data-parent=\"#sp-ea-146\" role=\"region\" aria-labelledby=\"ea-header-1460\"> <div class=\"ea-body\"><style> .box {width:90%; background-color: #851d26; box-shadow: 12px 12px 2px 1px rgb(232 222 211 \/ 0.8); border-radius:8px; text-align:center; margin:50px auto; color: #e8ded3;.btn-primary {text-decoration:none;color:#e8ded3;padding:12px 24px; background:transparent; border:2px solid #e8ded3; border-radius:6px;cursor:hand;transition:0.2s;} .con {overflow-x:auto; max-width:100%} table {min-width:250px;width:100%;table-layout:fixed;} td {word-wrap:break-word;}<\/style><p>Zur Verst\u00e4rkung unseres Teams suchen wir einen engagierten Metallbaumeister (m\/w\/d), der\/die Lust hat, Verantwortung zu \u00fcbernehmen und gemeinsam mit uns spannende Projekte umzusetzen.<\/p><div class=\"table-container\"><table><tbody><tr style=\"background-color: #851d26;color: #e8ded3\"><th>Standort<\/th><th>Art der Anstellung<\/th><th>Arbeitszeit<\/th><th>Beginn<\/th><\/tr><tr style=\"text-align: center\"><td>Berlin-Britz<\/td><td>unbefristet<\/td><td>Vollzeit (37 Std.\/Woche)<\/td><td>ab sofort<\/td><\/tr><\/tbody><\/table><\/div><p><strong>Ihre Aufgaben:<\/strong><\/p><ul><li>Verantwortung f\u00fcr die Planung, Organisation und Umsetzung von Metallbauprojekten<\/li><li>Beratung und Betreuung unserer Kunden und der Projektbeteiligten in der Planungs- und Bauphase<\/li><li>Unterst\u00fctzung bei der Kostenkalkulation und Ressourcenplanung<\/li><li>Erstellung und \u00dcberpr\u00fcfung von Fertigungszeichnungen<\/li><li>Mitarbeit bei der fachlichen F\u00fchrung, Weiterentwicklung und Schulung unseres kleinen Teams sowie Koordination der Arbeitsabl\u00e4ufe<\/li><li>Gew\u00e4hrleistung der Einhaltung von Sicherheitsvorschriften und arbeitsrechtlichen Bestimmungen<\/li><\/ul><p><strong>Ihr Profil:<\/strong><\/p><p>eine abgeschlossene Meisterpr\u00fcfung im Metallbau oder eine vergleichbare Qualifikation<\/p><p><u>F\u00fcr Berufseinsteiger:<\/u><\/p><p>Sie haben die Meisterpr\u00fcfung erfolgreich abgeschlossen und m\u00f6chten nun Verantwortung \u00fcbernehmen? Sie bringen Lernbereitschaft und Interesse mit, sich in einem praxisnahen Umfeld weiterzuentwickeln?<\/p><p><u>F\u00fcr erfahrene Metallbaumeister:<\/u><\/p><ul><li>Sie haben bereits einschl\u00e4gige Berufserfahrung und F\u00fchrungskompetenz und m\u00f6chten in einem dynamischen Team Ihre Expertise einbringen und weiter ausbauen<\/li><li>Sie arbeiten selbstst\u00e4ndig und l\u00f6sungsorientiert, sind aber gleichzeitig ein Teamplayer, der die Zusammenarbeit mit anderen sch\u00e4tzt<\/li><li>Sie haben ein gutes Organisations- und Kommunikationsverm\u00f6gen<\/li><li>g\u00fcltige Fahrerlaubnis der Klasse B ist von Vorteil<\/li><\/ul><p><strong>\u00a0<\/strong><strong>Wir bieten:<\/strong><\/p><ul><li>eine abwechslungsreiche und verantwortungsvolle T\u00e4tigkeit mit Entwicklungspotential<\/li><li>ein angenehmes Arbeitsumfeld in einem freundlichen und hilfsbereiten Team<\/li><li>Unterst\u00fctzung bei Ihrer fachlichen und pers\u00f6nlichen Weiterentwicklung durch Schulungen und Fortbildungen<\/li><li>ein faires Gehalt<\/li><li>geregelte Arbeitszeiten und einen sicheren Arbeitsplatz<\/li><li>die M\u00f6glichkeit, sich in einem zukunftsorientierten Unternehmen einzubringen und zu wachsen<\/li><\/ul><p>Ob als motivierter Berufseinsteiger oder mit Berufserfahrung \u2013 wir freuen uns auf Ihre Bewerbung!<\/p><p>Senden Sie uns Ihre Unterlagen (Anschreiben, Lebenslauf, relevante Zeugnisse) unter Angabe Ihrer Gehaltsvorstellung und des fr\u00fchestm\u00f6glichen Eintrittstermins an:<\/p><div class=\"box\"><p><strong>Bewerbungsweg:<\/strong><\/p><p>per E-Mail an: <a style=\"color: #e8ded3\" href=\"mailto:info@kathmann-metallbau.com\">info@kathmann-metallbau.com<\/a><br \/>oder per Post an: Gebr\u00fcder Kathmann GmbH, Wedellstr. 17, 12247 Berlin<\/p><p>F\u00fcr R\u00fcckfragen stehen wir Ihnen gern zur Verf\u00fcgung. Kontaktieren Sie uns unter 030\/76882740.<\/p><p>&nbsp;<\/p><p><a class=\"btn-primary\" href=\"mailto:info@kathmann-metallbau.com\">JETZT BEWERBEN<\/a><\/p><p>&nbsp;<\/p><\/div><p>&nbsp;<\/p><\/div><\/div><\/div><div class=\"ea-card sp-ea-single\"><h3 class=\"ea-header\"><a class=\"collapsed\" id=\"ea-header-1461\" role=\"button\" data-sptoggle=\"spcollapse\" data-sptarget=\"#collapse1461\" aria-controls=\"collapse1461\" href=\"#\" aria-expanded=\"false\" tabindex=\"0\"><i aria-hidden=\"true\" role=\"presentation\" class=\"ea-expand-icon eap-icon-ea-expand-plus\"><\/i> Metallbauer (m\/w\/d)<\/a><\/h3><div class=\"sp-collapse spcollapse spcollapse\" id=\"collapse1461\" data-parent=\"#sp-ea-146\" role=\"region\" aria-labelledby=\"ea-header-1461\"> <div class=\"ea-body\"><style> .box {width:90%; background-color: #851d26; box-shadow: 12px 12px 2px 1px rgb(232 222 211 \/ 0.8); border-radius:8px; text-align:center; margin:50px auto; color: #e8ded3;.btn-primary {text-decoration:none;color:#e8ded3;padding:12px 24px; background:transparent; border:2px solid #e8ded3; border-radius:6px;cursor:hand;transition:0.2s;<\/style><p>Zur Verst\u00e4rkung unseres Teams suchen wir einen engagierten Metallbauer (m\/w\/d), die\/der mit handwerklichem Geschick und Teamgeist erfolgreich Projekte umsetzt.<\/p><div class=\"table-container\"><table><tbody><tr style=\"background-color: #851d26;color: #e8ded3\"><th>Standort<\/th><th>Art der Anstellung<\/th><th>Arbeitszeit<\/th><th>Beginn<\/th><\/tr><tr style=\"text-align: center\"><td>Berlin-Britz<\/td><td>unbefristet<\/td><td>Vollzeit (37 Std.\/Woche)<\/td><td>ab sofort<\/td><\/tr><\/tbody><\/table><\/div><p><strong>Ihre Aufgaben:<\/strong><\/p><ul><li>Fertigung und Montage von Metallkonstruktionen, Gel\u00e4ndern, T\u00fcren und Fenstern und anderen Bauelementen nach technischen Zeichnungen<\/li><li>Durchf\u00fchrung von Schwei\u00df- und Schneidarbeiten sowie Blechbearbeitung<\/li><li>Montage von Konstruktionen auf den Baustellen<\/li><li>Wartung und Reparaturarbeiten an bestehenden Metallbaukonstruktionen<\/li><li>Pr\u00fcfung der gefertigten Teile auf Qualit\u00e4t und Passgenauigkeit<\/li><li>teilweise Kommunikation mit Kunden\/anderen Gewerken auf der Baustelle<\/li><\/ul><p><strong>Ihr Profil:<\/strong><\/p><ul><li>abgeschlossene Ausbildung als Metallbauer\/in oder eine vergleichbare Qualifikation<\/li><li>Erfahrung in der Metallverarbeitung, idealerweise in den Bereichen Aluminium, Stahl-\/Edelstahlbau<\/li><li>sicherer Umgang mit Schwei\u00dftechniken (WIG, MAG, E-Hand) und anderen Metallbearbeitungsverfahren<\/li><li>technisches Verst\u00e4ndnis und gutes r\u00e4umliches Vorstellungsverm\u00f6gen<\/li><li>Verantwortungsbewusste und sorgf\u00e4ltige Arbeitsweise<\/li><li>Teamf\u00e4higkeit und Zuverl\u00e4ssigkeit<\/li><li>Bereitschaft zur Weiterbildung und Entwicklung<\/li><li>eine gewisse H\u00f6hentauglichkeit ist von Vorteil<\/li><li>F\u00fchrerschein der Klasse B (auch LKW\/Anh\u00e4nger) ist w\u00fcnschenswert<\/li><\/ul><p><strong>\u00a0<\/strong><strong>Wir bieten:<\/strong><\/p><ul><li>einen sicheren Arbeitsplatz in einem mittelst\u00e4ndischen Unternehmen<\/li><li>geregelte Arbeitszeiten Montag \u2013 Freitag<\/li><li>abwechslungsreiche und interessante T\u00e4tigkeiten<\/li><li>leistungsgerechte Verg\u00fctung<\/li><li>flache Hierarchien und kurze Kommunikationswege<\/li><li>betriebliche Weiterbildungsangebote<\/li><li>m\u00f6gliche Unterst\u00fctzung zur Finanzierung von F\u00fchrerscheinen<\/li><\/ul><p>Ob als motivierter Berufseinsteiger oder mit Berufserfahrung \u2013 wir freuen uns auf Ihre Bewerbung!<\/p><p>Senden Sie uns Ihre Unterlagen (Anschreiben, Lebenslauf, relevante Zeugnisse) unter Angabe Ihrer Gehaltsvorstellung und des fr\u00fchestm\u00f6glichen Eintrittstermins an:<\/p><div class=\"box\"><p><strong>Bewerbungsweg:<\/strong><\/p><p>per E-Mail an: <a style=\"color: #e8ded3\" href=\"mailto:info@kathmann-metallbau.com\">info@kathmann-metallbau.com<\/a><br \/>oder per Post an: Gebr\u00fcder Kathmann GmbH, Wedellstr. 17, 12247 Berlin<\/p><p>F\u00fcr R\u00fcckfragen stehen wir Ihnen gern zur Verf\u00fcgung. Kontaktieren Sie uns unter 030\/76882740.<\/p><p>&nbsp;<\/p><p><a class=\"btn-primary\" href=\"mailto:info@kathmann-metallbau.com\">JETZT BEWERBEN<\/a><\/p><p>&nbsp;<\/p><\/div><p>&nbsp;<\/p><\/div><\/div><\/div><\/div><\/div><\/p>\n","protected":false},"excerpt":{"rendered":"<p>Seit \u00fcber 20 Jahren ist unser mittelst\u00e4ndisches Metallbau-Unternehmen im Raum Berlin und Umland t\u00e4tig.\u00a0Mit unserem famili\u00e4ren Team fertigen und montieren wir f\u00fcr unsere privaten und gewerblichen Kunden ma\u00dfgeschneiderte L\u00f6sungen. Du bist auf der Suche nach einer neuen beruflichen Herausforderung? Wir bieten Dir nicht nur einen Arbeitsplatz, sondern die M\u00f6glichkeit, Deine Talente und Ideen in einer &hellip;<\/p>\n<p class=\"read-more\"> <a class=\"\" href=\"https:\/\/kathmann-metallbau.com\/?page_id=145\"> <span class=\"screen-reader-text\">Wir suchen Dich!<\/span> Weiterlesen &raquo;<\/a><\/p>\n","protected":false},"author":1,"featured_media":0,"parent":0,"menu_order":0,"comment_status":"closed","ping_status":"closed","template":"","meta":{"site-sidebar-layout":"default","site-content-layout":"default","ast-main-header-display":"","ast-hfb-above-header-display":"","ast-hfb-below-header-display":"","ast-hfb-mobile-header-display":"","site-post-title":"","ast-breadcrumbs-content":"","ast-featured-img":"","footer-sml-layout":"","theme-transparent-header-meta":"","adv-header-id-meta":"","stick-header-meta":"","header-above-stick-meta":"","header-main-stick-meta":"","header-below-stick-meta":"","footnotes":""},"_links":{"self":[{"href":"https:\/\/kathmann-metallbau.com\/index.php?rest_route=\/wp\/v2\/pages\/145"}],"collection":[{"href":"https:\/\/kathmann-metallbau.com\/index.php?rest_route=\/wp\/v2\/pages"}],"about":[{"href":"https:\/\/kathmann-metallbau.com\/index.php?rest_route=\/wp\/v2\/types\/page"}],"author":[{"embeddable":true,"href":"https:\/\/kathmann-metallbau.com\/index.php?rest_route=\/wp\/v2\/users\/1"}],"replies":[{"embeddable":true,"href":"https:\/\/kathmann-metallbau.com\/index.php?rest_route=%2Fwp%2Fv2%2Fcomments&post=145"}],"version-history":[{"count":6,"href":"https:\/\/kathmann-metallbau.com\/index.php?rest_route=\/wp\/v2\/pages\/145\/revisions"}],"predecessor-version":[{"id":152,"href":"https:\/\/kathmann-metallbau.com\/index.php?rest_route=\/wp\/v2\/pages\/145\/revisions\/152"}],"wp:attachment":[{"href":"https:\/\/kathmann-metallbau.com\/index.php?rest_route=%2Fwp%2Fv2%2Fmedia&parent=145"}],"curies":[{"name":"wp","href":"https:\/\/api.w.org\/{rel}","templated":true}]}}