{"id":30,"date":"2018-09-25T07:56:59","date_gmt":"2018-09-25T07:56:59","guid":{"rendered":"http:\/\/kathmann-metallbau.com\/?page_id=30"},"modified":"2026-03-23T11:59:11","modified_gmt":"2026-03-23T11:59:11","slug":"about","status":"publish","type":"page","link":"https:\/\/kathmann-metallbau.com\/?page_id=30","title":{"rendered":"\u00dcber uns"},"content":{"rendered":"<p>Wir sind der Metallbauer f\u00fcr Ihre &#8230;<\/p>\n<div id=\"main\">\n<ul>\n<li>transparenten Konstruktionen\n<ul>\n<li>Fenster, T\u00fcren<\/li>\n<li>Fassaden, Vord\u00e4cher und Glaskuppeln<\/li>\n<\/ul>\n<\/li>\n<li>auch als Sonderkonstruktionen\n<ul>\n<li>vorbeugender Rauch- und Brandschutz<\/li>\n<li>vorbeugender Objektschutz<br \/>\n(Durch- und Einbruchhemmung)<\/li>\n<\/ul>\n<\/li>\n<li>in Stahl, Edelstahl, Aluminium und weitere verschiedene Metalle<\/li>\n<\/ul>\n<\/div>\n<p class=\"textmain\">inklusive der notwendigen Beratungen und technischen Bearbeitung.<br \/>\nUnsere Entwicklungs- und Konstruktionsabteilung ist nicht nur f\u00fcr die Bereitstellung von innovativen und filigranen Sonderkonstruktionen zust\u00e4ndig, sondern ist auch beteiligt an der Optimierung der zur Abwicklung und Produktion notwendigen Hard- und Software.<\/p>\n","protected":false},"excerpt":{"rendered":"<p>Wir sind der Metallbauer f\u00fcr Ihre &#8230; transparenten Konstruktionen Fenster, T\u00fcren Fassaden, Vord\u00e4cher und Glaskuppeln auch als Sonderkonstruktionen vorbeugender Rauch- und Brandschutz vorbeugender Objektschutz (Durch- und Einbruchhemmung) in Stahl, Edelstahl, Aluminium und weitere verschiedene Metalle inklusive der notwendigen Beratungen und technischen Bearbeitung. Unsere Entwicklungs- und Konstruktionsabteilung ist nicht nur f\u00fcr die Bereitstellung von innovativen und &hellip;<\/p>\n<p class=\"read-more\"> <a class=\"\" href=\"https:\/\/kathmann-metallbau.com\/?page_id=30\"> <span class=\"screen-reader-text\">\u00dcber uns<\/span> Weiterlesen &raquo;<\/a><\/p>\n","protected":false},"author":1,"featured_media":0,"parent":0,"menu_order":0,"comment_status":"closed","ping_status":"closed","template":"","meta":{"site-sidebar-layout":"default","site-content-layout":"default","ast-main-header-display":"","ast-hfb-above-header-display":"","ast-hfb-below-header-display":"","ast-hfb-mobile-header-display":"","site-post-title":"","ast-breadcrumbs-content":"","ast-featured-img":"","footer-sml-layout":"","theme-transparent-header-meta":"","adv-header-id-meta":"","stick-header-meta":"","header-above-stick-meta":"","header-main-stick-meta":"","header-below-stick-meta":"","footnotes":""},"_links":{"self":[{"href":"https:\/\/kathmann-metallbau.com\/index.php?rest_route=\/wp\/v2\/pages\/30"}],"collection":[{"href":"https:\/\/kathmann-metallbau.com\/index.php?rest_route=\/wp\/v2\/pages"}],"about":[{"href":"https:\/\/kathmann-metallbau.com\/index.php?rest_route=\/wp\/v2\/types\/page"}],"author":[{"embeddable":true,"href":"https:\/\/kathmann-metallbau.com\/index.php?rest_route=\/wp\/v2\/users\/1"}],"replies":[{"embeddable":true,"href":"https:\/\/kathmann-metallbau.com\/index.php?rest_route=%2Fwp%2Fv2%2Fcomments&post=30"}],"version-history":[{"count":8,"href":"https:\/\/kathmann-metallbau.com\/index.php?rest_route=\/wp\/v2\/pages\/30\/revisions"}],"predecessor-version":[{"id":163,"href":"https:\/\/kathmann-metallbau.com\/index.php?rest_route=\/wp\/v2\/pages\/30\/revisions\/163"}],"wp:attachment":[{"href":"https:\/\/kathmann-metallbau.com\/index.php?rest_route=%2Fwp%2Fv2%2Fmedia&parent=30"}],"curies":[{"name":"wp","href":"https:\/\/api.w.org\/{rel}","templated":true}]}}