{"id":34,"date":"2018-09-25T07:56:59","date_gmt":"2018-09-25T07:56:59","guid":{"rendered":"http:\/\/kathmann-metallbau.com\/?page_id=34"},"modified":"2024-02-05T12:01:31","modified_gmt":"2024-02-05T12:01:31","slug":"portfolio","status":"publish","type":"page","link":"https:\/\/kathmann-metallbau.com\/?page_id=34","title":{"rendered":"Referenzen"},"content":{"rendered":"<p><strong>Hier eine kleine Auswahl unserer Kunden und Projekte<\/strong><\/p>\n<ul>\n<li>Stiftung Preu\u00dfischer Schl\u00f6sser<\/li>\n<li>Rundfunk Berlin-Brandenburg<\/li>\n<li>Senatsverwaltung f\u00fcr Stadtentwicklung<\/li>\n<li>Berliner B\u00e4der-Betriebe<\/li>\n<li>Bezirksamt Spandau<\/li>\n<li>Bezirksamt Pankow<\/li>\n<li>Sorgertec<\/li>\n<\/ul>\n","protected":false},"excerpt":{"rendered":"<p>Hier eine kleine Auswahl unserer Kunden und Projekte Stiftung Preu\u00dfischer Schl\u00f6sser Rundfunk Berlin-Brandenburg Senatsverwaltung f\u00fcr Stadtentwicklung Berliner B\u00e4der-Betriebe Bezirksamt Spandau Bezirksamt Pankow Sorgertec<\/p>\n","protected":false},"author":1,"featured_media":0,"parent":0,"menu_order":1,"comment_status":"closed","ping_status":"closed","template":"","meta":{"site-sidebar-layout":"default","site-content-layout":"default","ast-main-header-display":"","ast-hfb-above-header-display":"","ast-hfb-below-header-display":"","ast-hfb-mobile-header-display":"","site-post-title":"","ast-breadcrumbs-content":"","ast-featured-img":"","footer-sml-layout":"","theme-transparent-header-meta":"","adv-header-id-meta":"","stick-header-meta":"","header-above-stick-meta":"","header-main-stick-meta":"","header-below-stick-meta":"","footnotes":""},"_links":{"self":[{"href":"https:\/\/kathmann-metallbau.com\/index.php?rest_route=\/wp\/v2\/pages\/34"}],"collection":[{"href":"https:\/\/kathmann-metallbau.com\/index.php?rest_route=\/wp\/v2\/pages"}],"about":[{"href":"https:\/\/kathmann-metallbau.com\/index.php?rest_route=\/wp\/v2\/types\/page"}],"author":[{"embeddable":true,"href":"https:\/\/kathmann-metallbau.com\/index.php?rest_route=\/wp\/v2\/users\/1"}],"replies":[{"embeddable":true,"href":"https:\/\/kathmann-metallbau.com\/index.php?rest_route=%2Fwp%2Fv2%2Fcomments&post=34"}],"version-history":[{"count":7,"href":"https:\/\/kathmann-metallbau.com\/index.php?rest_route=\/wp\/v2\/pages\/34\/revisions"}],"predecessor-version":[{"id":118,"href":"https:\/\/kathmann-metallbau.com\/index.php?rest_route=\/wp\/v2\/pages\/34\/revisions\/118"}],"wp:attachment":[{"href":"https:\/\/kathmann-metallbau.com\/index.php?rest_route=%2Fwp%2Fv2%2Fmedia&parent=34"}],"curies":[{"name":"wp","href":"https:\/\/api.w.org\/{rel}","templated":true}]}}