{"id":50,"date":"2018-09-25T08:08:26","date_gmt":"2018-09-25T08:08:26","guid":{"rendered":"http:\/\/kathmann-metallbau.com\/?page_id=50"},"modified":"2024-02-05T11:58:52","modified_gmt":"2024-02-05T11:58:52","slug":"wir-bilden-aus","status":"publish","type":"page","link":"https:\/\/kathmann-metallbau.com\/?page_id=50","title":{"rendered":"Wir bilden aus"},"content":{"rendered":"<p>Wir sind seit 2004 anerkannter Ausbildungsbetrieb Handwerkskammer Berlin.<\/p>\n<p>Aktuell suchen wir Auszubildene f\u00fcr den<strong> Metallbau Fachbereich Konstruktionstechnik.<\/strong><\/p>\n<p>Aussagekr\u00e4ftige Bewerbungen bitte schriftlich an:<\/p>\n<p><strong>Gebr\u00fcder Kathmann GmbH<\/strong><br \/>\nWedellstra\u00dfe 17<br \/>\n12247 Berlin<\/p>\n<p class=\"text\">Tel.: +49 (0)30 76 88 27 40<br \/>\nFax: +49 (0)30 76 88 27 41<br \/>\n<a href=\"mailto:info@kathmann-metallbau.com\">info@kathmann-metallbau.com<\/a><\/p>\n<p>&nbsp;<\/p>\n","protected":false},"excerpt":{"rendered":"<p>Wir sind seit 2004 anerkannter Ausbildungsbetrieb Handwerkskammer Berlin. Aktuell suchen wir Auszubildene f\u00fcr den Metallbau Fachbereich Konstruktionstechnik. Aussagekr\u00e4ftige Bewerbungen bitte schriftlich an: Gebr\u00fcder Kathmann GmbH Wedellstra\u00dfe 17 12247 Berlin Tel.: +49 (0)30 76 88 27 40 Fax: +49 (0)30 76 88 27 41 info@kathmann-metallbau.com &nbsp;<\/p>\n","protected":false},"author":2,"featured_media":0,"parent":0,"menu_order":0,"comment_status":"closed","ping_status":"closed","template":"","meta":{"site-sidebar-layout":"default","site-content-layout":"default","ast-main-header-display":"","ast-hfb-above-header-display":"","ast-hfb-below-header-display":"","ast-hfb-mobile-header-display":"","site-post-title":"","ast-breadcrumbs-content":"","ast-featured-img":"","footer-sml-layout":"","theme-transparent-header-meta":"","adv-header-id-meta":"","stick-header-meta":"","header-above-stick-meta":"","header-main-stick-meta":"","header-below-stick-meta":"","footnotes":""},"_links":{"self":[{"href":"https:\/\/kathmann-metallbau.com\/index.php?rest_route=\/wp\/v2\/pages\/50"}],"collection":[{"href":"https:\/\/kathmann-metallbau.com\/index.php?rest_route=\/wp\/v2\/pages"}],"about":[{"href":"https:\/\/kathmann-metallbau.com\/index.php?rest_route=\/wp\/v2\/types\/page"}],"author":[{"embeddable":true,"href":"https:\/\/kathmann-metallbau.com\/index.php?rest_route=\/wp\/v2\/users\/2"}],"replies":[{"embeddable":true,"href":"https:\/\/kathmann-metallbau.com\/index.php?rest_route=%2Fwp%2Fv2%2Fcomments&post=50"}],"version-history":[{"count":5,"href":"https:\/\/kathmann-metallbau.com\/index.php?rest_route=\/wp\/v2\/pages\/50\/revisions"}],"predecessor-version":[{"id":115,"href":"https:\/\/kathmann-metallbau.com\/index.php?rest_route=\/wp\/v2\/pages\/50\/revisions\/115"}],"wp:attachment":[{"href":"https:\/\/kathmann-metallbau.com\/index.php?rest_route=%2Fwp%2Fv2%2Fmedia&parent=50"}],"curies":[{"name":"wp","href":"https:\/\/api.w.org\/{rel}","templated":true}]}}